{"id":12,"date":"2014-07-11T21:50:34","date_gmt":"2014-07-11T21:50:34","guid":{"rendered":"http:\/\/www.magicyann.com\/abracadashow\/?page_id=12"},"modified":"2026-04-08T19:04:56","modified_gmt":"2026-04-08T19:04:56","slug":"video-de-presentation","status":"publish","type":"page","link":"https:\/\/www.magicyann.com\/abracadashow\/","title":{"rendered":"AbracadaShow  | Vid\u00e9o de Pr\u00e9sentation"},"content":{"rendered":"<p>&nbsp;<\/p>\r\n<div style=\"padding: 56.25% 0 0 0; position: relative;\"><iframe style=\"position: absolute; top: 0; left: 0; width: 100%; height: 100%;\" title=\"AbracadaShow - Spectacle de Magie Tous Publics\" src=\"https:\/\/player.vimeo.com\/video\/1115310467?title=0&amp;byline=0&amp;portrait=0&amp;badge=0&amp;autopause=0&amp;player_id=0&amp;app_id=58479\" frameborder=\"0\"><\/iframe><\/div>\r\n<p><script src=\"https:\/\/player.vimeo.com\/api\/player.js\"><\/script><\/p>\r\n\r\n<div class=\"wp-block-button\"><a class=\"wp-block-button__link has-background\" style=\"background-color: #cc0000;\" href=\"https:\/\/www.lamagiedechrystian.fr\/abracadashow.html\">\u27a5 Voir le descriptif complet<\/a><\/div>\r\n","protected":false},"excerpt":{"rendered":"<p>&nbsp;<\/p>\n","protected":false},"author":1,"featured_media":0,"parent":0,"menu_order":0,"comment_status":"closed","ping_status":"closed","template":"","meta":{"footnotes":""},"class_list":["post-12","page","type-page","status-publish","hentry"],"blocksy_meta":[],"yoast_head":"<!-- This site is optimized with the Yoast SEO plugin v27.3 - https:\/\/yoast.com\/product\/yoast-seo-wordpress\/ -->\n<title>Magie Enfants | Vid\u00e9o de Pr\u00e9sentation AbracadaShow<\/title>\n<meta name=\"description\" content=\"Magie Enfants | Vid\u00e9o de Pr\u00e9sentation du spectacle de Magie Enfants AbracadaShow. Chrystian Yann est un magicien sp\u00e9cialis\u00e9 dans la magie enfants.\" \/>\n<meta name=\"robots\" content=\"index, follow, max-snippet:-1, max-image-preview:large, max-video-preview:-1\" \/>\n<link rel=\"canonical\" href=\"https:\/\/www.magicyann.com\/abracadashow\/\" \/>\n<meta property=\"og:locale\" content=\"fr_FR\" \/>\n<meta property=\"og:type\" content=\"article\" \/>\n<meta property=\"og:title\" content=\"Magie Enfants | Vid\u00e9o de Pr\u00e9sentation AbracadaShow\" \/>\n<meta property=\"og:description\" content=\"Magie Enfants | Vid\u00e9o de Pr\u00e9sentation du spectacle de Magie Enfants AbracadaShow. Chrystian Yann est un magicien sp\u00e9cialis\u00e9 dans la magie enfants.\" \/>\n<meta property=\"og:url\" content=\"https:\/\/www.magicyann.com\/abracadashow\/\" \/>\n<meta property=\"og:site_name\" content=\"Chrystian Yann Magicien N\u00eemes\" \/>\n<meta property=\"article:modified_time\" content=\"2026-04-08T19:04:56+00:00\" \/>\n<meta name=\"twitter:label1\" content=\"Dur\u00e9e de lecture estim\u00e9e\" \/>\n\t<meta name=\"twitter:data1\" content=\"1 minute\" \/>\n<script type=\"application\/ld+json\" class=\"yoast-schema-graph\">{\"@context\":\"https:\\\/\\\/schema.org\",\"@graph\":[{\"@type\":\"WebPage\",\"@id\":\"https:\\\/\\\/www.magicyann.com\\\/abracadashow\\\/\",\"url\":\"https:\\\/\\\/www.magicyann.com\\\/abracadashow\\\/\",\"name\":\"Magie Enfants | Vid\u00e9o de Pr\u00e9sentation AbracadaShow\",\"isPartOf\":{\"@id\":\"https:\\\/\\\/www.magicyann.com\\\/abracadashow\\\/#website\"},\"datePublished\":\"2014-07-11T21:50:34+00:00\",\"dateModified\":\"2026-04-08T19:04:56+00:00\",\"description\":\"Magie Enfants | Vid\u00e9o de Pr\u00e9sentation du spectacle de Magie Enfants AbracadaShow. Chrystian Yann est un magicien sp\u00e9cialis\u00e9 dans la magie enfants.\",\"breadcrumb\":{\"@id\":\"https:\\\/\\\/www.magicyann.com\\\/abracadashow\\\/#breadcrumb\"},\"inLanguage\":\"fr-FR\",\"potentialAction\":[{\"@type\":\"ReadAction\",\"target\":[\"https:\\\/\\\/www.magicyann.com\\\/abracadashow\\\/\"]}]},{\"@type\":\"BreadcrumbList\",\"@id\":\"https:\\\/\\\/www.magicyann.com\\\/abracadashow\\\/#breadcrumb\",\"itemListElement\":[{\"@type\":\"ListItem\",\"position\":1,\"name\":\"Accueil\",\"item\":\"https:\\\/\\\/www.magicyann.com\\\/abracadashow\\\/\"},{\"@type\":\"ListItem\",\"position\":2,\"name\":\"AbracadaShow | Vid\u00e9o de Pr\u00e9sentation\"}]},{\"@type\":\"WebSite\",\"@id\":\"https:\\\/\\\/www.magicyann.com\\\/abracadashow\\\/#website\",\"url\":\"https:\\\/\\\/www.magicyann.com\\\/abracadashow\\\/\",\"name\":\"Chrystian Yann Magicien N\u00eemes\",\"description\":\"Enfin un Spectacle de Magie pour Enfants qui Bluffe aussi les Parents\",\"publisher\":{\"@id\":\"https:\\\/\\\/www.magicyann.com\\\/abracadashow\\\/#organization\"},\"potentialAction\":[{\"@type\":\"SearchAction\",\"target\":{\"@type\":\"EntryPoint\",\"urlTemplate\":\"https:\\\/\\\/www.magicyann.com\\\/abracadashow\\\/?s={search_term_string}\"},\"query-input\":{\"@type\":\"PropertyValueSpecification\",\"valueRequired\":true,\"valueName\":\"search_term_string\"}}],\"inLanguage\":\"fr-FR\"},{\"@type\":\"Organization\",\"@id\":\"https:\\\/\\\/www.magicyann.com\\\/abracadashow\\\/#organization\",\"name\":\"Chrystian Yann Magicien N\u00eemes\",\"url\":\"https:\\\/\\\/www.magicyann.com\\\/abracadashow\\\/\",\"logo\":{\"@type\":\"ImageObject\",\"inLanguage\":\"fr-FR\",\"@id\":\"https:\\\/\\\/www.magicyann.com\\\/abracadashow\\\/#\\\/schema\\\/logo\\\/image\\\/\",\"url\":\"https:\\\/\\\/www.magicyann.com\\\/abracadashow\\\/wp-content\\\/uploads\\\/2026\\\/04\\\/logo-www.MagicYann.com_.png\",\"contentUrl\":\"https:\\\/\\\/www.magicyann.com\\\/abracadashow\\\/wp-content\\\/uploads\\\/2026\\\/04\\\/logo-www.MagicYann.com_.png\",\"width\":300,\"height\":300,\"caption\":\"Chrystian Yann Magicien N\u00eemes\"},\"image\":{\"@id\":\"https:\\\/\\\/www.magicyann.com\\\/abracadashow\\\/#\\\/schema\\\/logo\\\/image\\\/\"}}]}<\/script>\n<!-- \/ Yoast SEO plugin. -->","yoast_head_json":{"title":"Magie Enfants | Vid\u00e9o de Pr\u00e9sentation AbracadaShow","description":"Magie Enfants | Vid\u00e9o de Pr\u00e9sentation du spectacle de Magie Enfants AbracadaShow. Chrystian Yann est un magicien sp\u00e9cialis\u00e9 dans la magie enfants.","robots":{"index":"index","follow":"follow","max-snippet":"max-snippet:-1","max-image-preview":"max-image-preview:large","max-video-preview":"max-video-preview:-1"},"canonical":"https:\/\/www.magicyann.com\/abracadashow\/","og_locale":"fr_FR","og_type":"article","og_title":"Magie Enfants | Vid\u00e9o de Pr\u00e9sentation AbracadaShow","og_description":"Magie Enfants | Vid\u00e9o de Pr\u00e9sentation du spectacle de Magie Enfants AbracadaShow. Chrystian Yann est un magicien sp\u00e9cialis\u00e9 dans la magie enfants.","og_url":"https:\/\/www.magicyann.com\/abracadashow\/","og_site_name":"Chrystian Yann Magicien N\u00eemes","article_modified_time":"2026-04-08T19:04:56+00:00","twitter_misc":{"Dur\u00e9e de lecture estim\u00e9e":"1 minute"},"schema":{"@context":"https:\/\/schema.org","@graph":[{"@type":"WebPage","@id":"https:\/\/www.magicyann.com\/abracadashow\/","url":"https:\/\/www.magicyann.com\/abracadashow\/","name":"Magie Enfants | Vid\u00e9o de Pr\u00e9sentation AbracadaShow","isPartOf":{"@id":"https:\/\/www.magicyann.com\/abracadashow\/#website"},"datePublished":"2014-07-11T21:50:34+00:00","dateModified":"2026-04-08T19:04:56+00:00","description":"Magie Enfants | Vid\u00e9o de Pr\u00e9sentation du spectacle de Magie Enfants AbracadaShow. Chrystian Yann est un magicien sp\u00e9cialis\u00e9 dans la magie enfants.","breadcrumb":{"@id":"https:\/\/www.magicyann.com\/abracadashow\/#breadcrumb"},"inLanguage":"fr-FR","potentialAction":[{"@type":"ReadAction","target":["https:\/\/www.magicyann.com\/abracadashow\/"]}]},{"@type":"BreadcrumbList","@id":"https:\/\/www.magicyann.com\/abracadashow\/#breadcrumb","itemListElement":[{"@type":"ListItem","position":1,"name":"Accueil","item":"https:\/\/www.magicyann.com\/abracadashow\/"},{"@type":"ListItem","position":2,"name":"AbracadaShow | Vid\u00e9o de Pr\u00e9sentation"}]},{"@type":"WebSite","@id":"https:\/\/www.magicyann.com\/abracadashow\/#website","url":"https:\/\/www.magicyann.com\/abracadashow\/","name":"Chrystian Yann Magicien N\u00eemes","description":"Enfin un Spectacle de Magie pour Enfants qui Bluffe aussi les Parents","publisher":{"@id":"https:\/\/www.magicyann.com\/abracadashow\/#organization"},"potentialAction":[{"@type":"SearchAction","target":{"@type":"EntryPoint","urlTemplate":"https:\/\/www.magicyann.com\/abracadashow\/?s={search_term_string}"},"query-input":{"@type":"PropertyValueSpecification","valueRequired":true,"valueName":"search_term_string"}}],"inLanguage":"fr-FR"},{"@type":"Organization","@id":"https:\/\/www.magicyann.com\/abracadashow\/#organization","name":"Chrystian Yann Magicien N\u00eemes","url":"https:\/\/www.magicyann.com\/abracadashow\/","logo":{"@type":"ImageObject","inLanguage":"fr-FR","@id":"https:\/\/www.magicyann.com\/abracadashow\/#\/schema\/logo\/image\/","url":"https:\/\/www.magicyann.com\/abracadashow\/wp-content\/uploads\/2026\/04\/logo-www.MagicYann.com_.png","contentUrl":"https:\/\/www.magicyann.com\/abracadashow\/wp-content\/uploads\/2026\/04\/logo-www.MagicYann.com_.png","width":300,"height":300,"caption":"Chrystian Yann Magicien N\u00eemes"},"image":{"@id":"https:\/\/www.magicyann.com\/abracadashow\/#\/schema\/logo\/image\/"}}]}},"_links":{"self":[{"href":"https:\/\/www.magicyann.com\/abracadashow\/wp-json\/wp\/v2\/pages\/12","targetHints":{"allow":["GET"]}}],"collection":[{"href":"https:\/\/www.magicyann.com\/abracadashow\/wp-json\/wp\/v2\/pages"}],"about":[{"href":"https:\/\/www.magicyann.com\/abracadashow\/wp-json\/wp\/v2\/types\/page"}],"author":[{"embeddable":true,"href":"https:\/\/www.magicyann.com\/abracadashow\/wp-json\/wp\/v2\/users\/1"}],"replies":[{"embeddable":true,"href":"https:\/\/www.magicyann.com\/abracadashow\/wp-json\/wp\/v2\/comments?post=12"}],"version-history":[{"count":60,"href":"https:\/\/www.magicyann.com\/abracadashow\/wp-json\/wp\/v2\/pages\/12\/revisions"}],"predecessor-version":[{"id":1112,"href":"https:\/\/www.magicyann.com\/abracadashow\/wp-json\/wp\/v2\/pages\/12\/revisions\/1112"}],"wp:attachment":[{"href":"https:\/\/www.magicyann.com\/abracadashow\/wp-json\/wp\/v2\/media?parent=12"}],"curies":[{"name":"wp","href":"https:\/\/api.w.org\/{rel}","templated":true}]}}