{"id":362,"date":"2014-07-18T12:37:00","date_gmt":"2014-07-18T12:37:00","guid":{"rendered":"http:\/\/www.magicyann.com\/abracadashow\/?page_id=362"},"modified":"2019-09-26T05:10:20","modified_gmt":"2019-09-26T05:10:20","slug":"contact","status":"publish","type":"page","link":"https:\/\/www.magicyann.com\/abracadashow\/contact\/","title":{"rendered":"T\u00e9l : 06 16 84 09 47"},"content":{"rendered":"<h1><span style=\"color: #cc0000;\">C<\/span>oordonn\u00e9es de <span style=\"color: #cc0000;\">Contact<\/span> :<\/h1>\n<p>&nbsp;<\/p>\n<h4><span style=\"color: #cc0000;\">C<\/span>hrystian <span style=\"color: #cc0000;\">Y<\/span>ann - <span style=\"color: #cc0000;\">Magicien<\/span><\/h4>\n<h4>37 Bis Avenue de la R\u00e9publique<br \/>\n30420 CALVISSON<\/h4>\n<h4><span style=\"color: #cc0000;\">06 16 84 09 47<\/span><\/h4>\n<p>&nbsp;<\/p>\n","protected":false},"excerpt":{"rendered":"<p>Coordonn\u00e9es de Contact : &nbsp; Chrystian Yann &#8211; Magicien 37 Bis Avenue de la R\u00e9publique 30420 CALVISSON 06 16 84 09 47 &nbsp;<\/p>\n","protected":false},"author":1,"featured_media":0,"parent":0,"menu_order":0,"comment_status":"closed","ping_status":"closed","template":"template-without-title.php","meta":{"footnotes":""},"class_list":["post-362","page","type-page","status-publish","hentry"],"yoast_head":"<!-- This site is optimized with the Yoast SEO plugin v27.3 - https:\/\/yoast.com\/product\/yoast-seo-wordpress\/ -->\n<title>T\u00e9l : 06 16 84 09 47 - Chrystian Yann - Magicien N\u00eemes<\/title>\n<meta name=\"robots\" content=\"index, follow, max-snippet:-1, max-image-preview:large, max-video-preview:-1\" \/>\n<link rel=\"canonical\" href=\"https:\/\/www.magicyann.com\/abracadashow\/contact\/\" \/>\n<meta property=\"og:locale\" content=\"fr_FR\" \/>\n<meta property=\"og:type\" content=\"article\" \/>\n<meta property=\"og:title\" content=\"T\u00e9l : 06 16 84 09 47 - Chrystian Yann - Magicien N\u00eemes\" \/>\n<meta property=\"og:description\" content=\"Coordonn\u00e9es de Contact : &nbsp; Chrystian Yann - Magicien 37 Bis Avenue de la R\u00e9publique 30420 CALVISSON 06 16 84 09 47 &nbsp;\" \/>\n<meta property=\"og:url\" content=\"https:\/\/www.magicyann.com\/abracadashow\/contact\/\" \/>\n<meta property=\"og:site_name\" content=\"Chrystian Yann - Magicien N\u00eemes\" \/>\n<meta property=\"article:modified_time\" content=\"2019-09-26T05:10:20+00:00\" \/>\n<script type=\"application\/ld+json\" class=\"yoast-schema-graph\">{\"@context\":\"https:\\\/\\\/schema.org\",\"@graph\":[{\"@type\":\"WebPage\",\"@id\":\"https:\\\/\\\/www.magicyann.com\\\/abracadashow\\\/contact\\\/\",\"url\":\"https:\\\/\\\/www.magicyann.com\\\/abracadashow\\\/contact\\\/\",\"name\":\"T\u00e9l : 06 16 84 09 47 - Chrystian Yann - Magicien N\u00eemes\",\"isPartOf\":{\"@id\":\"https:\\\/\\\/www.magicyann.com\\\/abracadashow\\\/#website\"},\"datePublished\":\"2014-07-18T12:37:00+00:00\",\"dateModified\":\"2019-09-26T05:10:20+00:00\",\"breadcrumb\":{\"@id\":\"https:\\\/\\\/www.magicyann.com\\\/abracadashow\\\/contact\\\/#breadcrumb\"},\"inLanguage\":\"fr-FR\",\"potentialAction\":[{\"@type\":\"ReadAction\",\"target\":[\"https:\\\/\\\/www.magicyann.com\\\/abracadashow\\\/contact\\\/\"]}]},{\"@type\":\"BreadcrumbList\",\"@id\":\"https:\\\/\\\/www.magicyann.com\\\/abracadashow\\\/contact\\\/#breadcrumb\",\"itemListElement\":[{\"@type\":\"ListItem\",\"position\":1,\"name\":\"Accueil\",\"item\":\"https:\\\/\\\/www.magicyann.com\\\/abracadashow\\\/\"},{\"@type\":\"ListItem\",\"position\":2,\"name\":\"T\u00e9l : 06 16 84 09 47\"}]},{\"@type\":\"WebSite\",\"@id\":\"https:\\\/\\\/www.magicyann.com\\\/abracadashow\\\/#website\",\"url\":\"https:\\\/\\\/www.magicyann.com\\\/abracadashow\\\/\",\"name\":\"Chrystian Yann - Magicien N\u00eemes\",\"description\":\"Enfin un Spectacle de Magie pour Enfants qui Amuse aussi les Parents\",\"potentialAction\":[{\"@type\":\"SearchAction\",\"target\":{\"@type\":\"EntryPoint\",\"urlTemplate\":\"https:\\\/\\\/www.magicyann.com\\\/abracadashow\\\/?s={search_term_string}\"},\"query-input\":{\"@type\":\"PropertyValueSpecification\",\"valueRequired\":true,\"valueName\":\"search_term_string\"}}],\"inLanguage\":\"fr-FR\"}]}<\/script>\n<!-- \/ Yoast SEO plugin. -->","yoast_head_json":{"title":"T\u00e9l : 06 16 84 09 47 - Chrystian Yann - Magicien N\u00eemes","robots":{"index":"index","follow":"follow","max-snippet":"max-snippet:-1","max-image-preview":"max-image-preview:large","max-video-preview":"max-video-preview:-1"},"canonical":"https:\/\/www.magicyann.com\/abracadashow\/contact\/","og_locale":"fr_FR","og_type":"article","og_title":"T\u00e9l : 06 16 84 09 47 - Chrystian Yann - Magicien N\u00eemes","og_description":"Coordonn\u00e9es de Contact : &nbsp; Chrystian Yann - Magicien 37 Bis Avenue de la R\u00e9publique 30420 CALVISSON 06 16 84 09 47 &nbsp;","og_url":"https:\/\/www.magicyann.com\/abracadashow\/contact\/","og_site_name":"Chrystian Yann - Magicien N\u00eemes","article_modified_time":"2019-09-26T05:10:20+00:00","schema":{"@context":"https:\/\/schema.org","@graph":[{"@type":"WebPage","@id":"https:\/\/www.magicyann.com\/abracadashow\/contact\/","url":"https:\/\/www.magicyann.com\/abracadashow\/contact\/","name":"T\u00e9l : 06 16 84 09 47 - Chrystian Yann - Magicien N\u00eemes","isPartOf":{"@id":"https:\/\/www.magicyann.com\/abracadashow\/#website"},"datePublished":"2014-07-18T12:37:00+00:00","dateModified":"2019-09-26T05:10:20+00:00","breadcrumb":{"@id":"https:\/\/www.magicyann.com\/abracadashow\/contact\/#breadcrumb"},"inLanguage":"fr-FR","potentialAction":[{"@type":"ReadAction","target":["https:\/\/www.magicyann.com\/abracadashow\/contact\/"]}]},{"@type":"BreadcrumbList","@id":"https:\/\/www.magicyann.com\/abracadashow\/contact\/#breadcrumb","itemListElement":[{"@type":"ListItem","position":1,"name":"Accueil","item":"https:\/\/www.magicyann.com\/abracadashow\/"},{"@type":"ListItem","position":2,"name":"T\u00e9l : 06 16 84 09 47"}]},{"@type":"WebSite","@id":"https:\/\/www.magicyann.com\/abracadashow\/#website","url":"https:\/\/www.magicyann.com\/abracadashow\/","name":"Chrystian Yann - Magicien N\u00eemes","description":"Enfin un Spectacle de Magie pour Enfants qui Amuse aussi les Parents","potentialAction":[{"@type":"SearchAction","target":{"@type":"EntryPoint","urlTemplate":"https:\/\/www.magicyann.com\/abracadashow\/?s={search_term_string}"},"query-input":{"@type":"PropertyValueSpecification","valueRequired":true,"valueName":"search_term_string"}}],"inLanguage":"fr-FR"}]}},"_links":{"self":[{"href":"https:\/\/www.magicyann.com\/abracadashow\/wp-json\/wp\/v2\/pages\/362","targetHints":{"allow":["GET"]}}],"collection":[{"href":"https:\/\/www.magicyann.com\/abracadashow\/wp-json\/wp\/v2\/pages"}],"about":[{"href":"https:\/\/www.magicyann.com\/abracadashow\/wp-json\/wp\/v2\/types\/page"}],"author":[{"embeddable":true,"href":"https:\/\/www.magicyann.com\/abracadashow\/wp-json\/wp\/v2\/users\/1"}],"replies":[{"embeddable":true,"href":"https:\/\/www.magicyann.com\/abracadashow\/wp-json\/wp\/v2\/comments?post=362"}],"version-history":[{"count":5,"href":"https:\/\/www.magicyann.com\/abracadashow\/wp-json\/wp\/v2\/pages\/362\/revisions"}],"predecessor-version":[{"id":1015,"href":"https:\/\/www.magicyann.com\/abracadashow\/wp-json\/wp\/v2\/pages\/362\/revisions\/1015"}],"wp:attachment":[{"href":"https:\/\/www.magicyann.com\/abracadashow\/wp-json\/wp\/v2\/media?parent=362"}],"curies":[{"name":"wp","href":"https:\/\/api.w.org\/{rel}","templated":true}]}}