{"id":404,"date":"2015-09-03T14:38:55","date_gmt":"2015-09-03T14:38:55","guid":{"rendered":"http:\/\/www.magicyann.com\/abracadashow\/?page_id=404"},"modified":"2022-03-14T18:38:05","modified_gmt":"2022-03-14T18:38:05","slug":"spectacle-de-magie-pour-enfants","status":"publish","type":"page","link":"https:\/\/www.magicyann.com\/abracadashow\/spectacle-de-magie-pour-enfants\/","title":{"rendered":"Spectacle de Magie pour Enfants"},"content":{"rendered":"<h1 style=\"text-align: center;\">\u00a0\u00bb Enfin un Spectacle de&nbsp;<span style=\"color: #cc0000;\">Magie<\/span> pour <span style=\"color: #cc0000;\">Enfants<br \/>\n<\/span>qui&nbsp;<span style=\"color: #cc0000;\">Amuse<\/span> aussi les <span style=\"color: #cc0000;\">Parents<\/span> \u00ab\u00a0<\/h1>\n<p>&nbsp;<\/p>\n<p>Bonjour,<\/p>\n<p>Vous fa\u00eetes partie d&rsquo;une <strong><span style=\"color: #cc0000;\">\u00e9cole<\/span><\/strong>, d&rsquo;un <span style=\"color: #cc0000;\"><strong>comit\u00e9 d&rsquo;entreprise<\/strong><\/span>, d&rsquo;un <span style=\"color: #cc0000;\"><strong>centre de loisirs<\/strong><\/span>, d&rsquo;une <span style=\"color: #cc0000;\"><strong>Association De Parents d&rsquo;\u00c9l\u00e8ves<\/strong><\/span>, d&rsquo;une <span style=\"color: #cc0000;\"><strong>Mairie<\/strong><\/span> &#8230;<\/p>\n<p>Ou bien vous \u00eates tout simplement un <span style=\"color: #cc0000;\"><strong>Particulier<\/strong><\/span> &#8230;<\/p>\n<p>&nbsp;<\/p>\n<h2>Et vous cherchez un spectacle de Magie pour Enfants &#8230;<\/h2>\n<p>&nbsp;<\/p>\n<ul>\n<li>O\u00f9 les spectateurs deviennent des acteurs sans le vouloir<\/li>\n<li>O\u00f9 les diff\u00e9rences d&rsquo;\u00e2ge n&rsquo;existent plus et n&rsquo;ont aucune importance<\/li>\n<li>O\u00f9 le public entier participe aux exp\u00e9riences<\/li>\n<li>O\u00f9 les \u00e9clats de rires ne proviennent pas que des enfants<\/li>\n<li>O\u00f9 m\u00eame les plus jeunes enfants participent volontiers sur sc\u00e8ne<\/li>\n<\/ul>\n<p>&nbsp;<\/p>\n<h2>Alors ne cherchez plus ! Vous l&rsquo;avez trouv\u00e9 &#8230;<\/h2>\n<p><center><\/p>\n<h2>Voici Le spectacle de Magie <span style=\"color: #ff0000;\">AbracadaShow<\/span><\/h2>\n<p><\/center><\/p>\n<div style=\"padding:43% 0 0 0;position:relative;\"><iframe src=\"https:\/\/player.vimeo.com\/video\/644786570?h=3f0087fff7&amp;badge=0&amp;autopause=0&amp;player_id=0&amp;app_id=58479\" frameborder=\"0\" allow=\"autoplay; fullscreen; picture-in-picture\" allowfullscreen style=\"position:absolute;top:0;left:0;width:100%;height:100%;\" title=\"Vid&amp;eacute;o de Pre\u0301sentation AbracadaShow\"><\/iframe><\/div>\n<p><script src=\"https:\/\/player.vimeo.com\/api\/player.js\"><\/script><\/p>\n<p style=\"text-align: center;\"><span style=\"color: #cc0000;\"><strong>ABRACADASHOW<\/strong><\/span> : Merveilleusement <span style=\"color: #cc0000;\"><strong>simple<\/strong><\/span>, simplement <span style=\"color: #cc0000;\"><strong>merveilleux<\/strong><\/span><\/p>\n<p>&nbsp;<\/p>\n<h2>Avant d&rsquo;aller plus loin permettez-moi de me pr\u00e9senter :<\/h2>\n<p>&nbsp;<\/p>\n<ul>\n<li>Je suis <span style=\"color: #cc0000;\"><strong>Chrystian Yann<\/strong><\/span>, Artiste Magicien.<\/li>\n<li>J&rsquo;ai commenc\u00e9 \u00e0 apprendre la Magie \u00e0 <strong><span style=\"color: #cc0000;\">l&rsquo;\u00e2ge de 9 ans<\/span><\/strong>.<\/li>\n<li>Je vis de cette passion professionnellement depuis <span style=\"color: #cc0000;\"><strong>1995<\/strong><\/span>.<\/li>\n<li>Je suis <strong><span style=\"color: #cc0000;\">sp\u00e9cialis\u00e9<\/span><\/strong> dans les <span style=\"color: #cc0000;\"><strong>Spectacles de Magie pour Enfants<\/strong><\/span>.<\/li>\n<\/ul>\n<p>&nbsp;<\/p>\n<h2>Je travaille r\u00e9guli\u00e8rement pour :<\/h2>\n<p>&nbsp;<\/p>\n<ul>\n<li>Les \u00e9coles<\/li>\n<li>Les Mairies<\/li>\n<li>Les comit\u00e9s d&rsquo;entreprises<\/li>\n<li>Les centres de loisirs<\/li>\n<li>Les particuliers<\/li>\n<\/ul>\n<p>&nbsp;<\/p>\n<h2 style=\"text-align: center;\"><span style=\"color: #cc0000;\">Abracadashow<\/span> :<br \/>\n20 ans d&rsquo;<span style=\"color: #cc0000;\">exp\u00e9rience<\/span> et de <span style=\"color: #cc0000;\">perfectionnement<\/span><\/h2>\n<p>&nbsp;<\/p>\n<p>Mon objectif avec Abracadashow \u00e9tait de cr\u00e9er un spectacle qui<strong><span style=\"color: #cc0000;\"> laisse litt\u00e9ralement bouche b\u00e9e<\/span><\/strong>, non seulement les <strong><span style=\"color: #cc0000;\">enfants mais aussi leurs parents<\/span><\/strong> !<\/p>\n<p>&nbsp;<\/p>\n<h2 style=\"text-align: center;\"><strong><span style=\"color: #cc0000;\"><span style=\"color: #000000;\">Aujourd&rsquo;hui<\/span> le but est atteint<\/span><\/strong><\/h2>\n<p style=\"text-align: left;\">Abracadashow convient \u00e0 tous les publics<\/p>\n<ul>\n<li>Il enchante les<strong><span style=\"color: #cc0000;\"> enfants des Maternelles<\/span><\/strong>. (3 \u00e0 6 ans)<\/li>\n<li>Il enthousiame ceux des <strong><span style=\"color: #cc0000;\">\u00e9coles primaires<\/span><\/strong> et des <strong><span style=\"color: #cc0000;\">centres de loisirs<\/span><\/strong>. (7 \u00e0 14 ans)<\/li>\n<li>Et il mystifie les&nbsp;<strong><span style=\"color: #cc0000;\">\u00ab\u00a0adultes\u00a0\u00bb<\/span><\/strong> sans aucune limite d&rsquo;\u00e2ge.<\/li>\n<\/ul>\n<p>&nbsp;<\/p>\n<hr>\n<p>&#8230;Chrystian Yann poss\u00e8de une <strong>grande exp\u00e9rience du public d&rsquo;enfants<\/strong> car il sait leur montrer autre chose que la technique ; gr\u00e2ce au ton de la voix, \u00e0 quelques surprises auditives, et \u00e0 une <strong>mise en sc\u00e8ne bien adapt\u00e9e<\/strong>. Il capte leur attention en permanence et ne leur laisse aucun moment de r\u00e9pit. Un tr\u00e8s agr\u00e9able spectacle, qui fait totalement oublier les intemp\u00e9ries ext\u00e9rieures.<\/p>\n<p style=\"text-align: right;\"><strong><span style=\"color: #cc0000;\">J.Mas \/ Midi Libre H\u00e9rault<\/span><\/strong><\/p>\n<hr>\n<p>&nbsp;<\/p>\n<p>&nbsp;<\/p>\n<p><img loading=\"lazy\" decoding=\"async\" class=\"aligncenter wp-image-568 size-full\" src=\"https:\/\/www.magicyann.com\/abracadashow\/wp-content\/uploads\/2015\/09\/Chrystian-Yann-Magicien.jpg\" alt=\"Spectacle de Magie pour Enfants - Chrystian Yann Magicien\" width=\"300\" height=\"333\" srcset=\"https:\/\/www.magicyann.com\/abracadashow\/wp-content\/uploads\/2015\/09\/Chrystian-Yann-Magicien.jpg 300w, https:\/\/www.magicyann.com\/abracadashow\/wp-content\/uploads\/2015\/09\/Chrystian-Yann-Magicien-270x300.jpg 270w\" sizes=\"auto, (max-width: 300px) 100vw, 300px\" \/><\/p>\n<p><img loading=\"lazy\" decoding=\"async\" class=\"aligncenter size-full wp-image-569\" src=\"https:\/\/www.magicyann.com\/abracadashow\/wp-content\/uploads\/2015\/09\/temoignage-app-stcl.gif\" alt=\"temoignage-app-stcl\" width=\"626\" height=\"421\"><\/p>\n<p>&nbsp;<\/p>\n<p>&nbsp;<\/p>\n<p><a href=\"https:\/\/www.magicyann.com\/abracadashow\/devis\/?T=LV1\" rel=\"\u201dnofollow\u201d\"><img loading=\"lazy\" decoding=\"async\" class=\"aligncenter wp-image-863 size-full\" src=\"https:\/\/www.magicyann.com\/abracadashow\/wp-content\/uploads\/2018\/10\/bouton-tarif-big.png\" alt=\"Devis Instantan\u00e9 et Gratuit\" width=\"610\" height=\"130\" srcset=\"https:\/\/www.magicyann.com\/abracadashow\/wp-content\/uploads\/2018\/10\/bouton-tarif-big.png 610w, https:\/\/www.magicyann.com\/abracadashow\/wp-content\/uploads\/2018\/10\/bouton-tarif-big-300x64.png 300w\" sizes=\"auto, (max-width: 610px) 100vw, 610px\" \/><\/a><\/p>\n<p>&nbsp;<\/p>\n<p>&nbsp;<\/p>\n<p>&nbsp;<\/p>\n<p><img loading=\"lazy\" decoding=\"async\" class=\"aligncenter wp-image-571 size-full\" src=\"https:\/\/www.magicyann.com\/abracadashow\/wp-content\/uploads\/2015\/09\/Magie-pour-enfants.png\" alt=\"Magie pour Enfants\" width=\"300\" height=\"428\" srcset=\"https:\/\/www.magicyann.com\/abracadashow\/wp-content\/uploads\/2015\/09\/Magie-pour-enfants.png 300w, https:\/\/www.magicyann.com\/abracadashow\/wp-content\/uploads\/2015\/09\/Magie-pour-enfants-210x300.png 210w\" sizes=\"auto, (max-width: 300px) 100vw, 300px\" \/><img loading=\"lazy\" decoding=\"async\" class=\"aligncenter size-full wp-image-572\" src=\"https:\/\/www.magicyann.com\/abracadashow\/wp-content\/uploads\/2015\/09\/temoignage-2004-03-26.gif\" alt=\"temoignage-2004-03-26\" width=\"700\" height=\"306\"><\/p>\n<p>&nbsp;<\/p>\n<p>&nbsp;<\/p>\n<p><img loading=\"lazy\" decoding=\"async\" class=\"aligncenter wp-image-573 size-full\" src=\"https:\/\/www.magicyann.com\/abracadashow\/wp-content\/uploads\/2015\/09\/Chrystian-Yann-magie-enfants.jpg\" alt=\"Chrystian Yann Magie enfants\" width=\"300\" height=\"295\"><img loading=\"lazy\" decoding=\"async\" class=\"aligncenter size-full wp-image-574\" src=\"https:\/\/www.magicyann.com\/abracadashow\/wp-content\/uploads\/2015\/09\/temoignage-2004-08-08.gif\" alt=\"temoignage-2004-08-08\" width=\"700\" height=\"266\"><\/p>\n<p>&nbsp;<\/p>\n<p><a href=\"https:\/\/www.magicyann.com\/abracadashow\/devis\/?T=LV2\" rel=\"\u201dnofollow\u201d\"><img loading=\"lazy\" decoding=\"async\" class=\"aligncenter wp-image-863 size-full\" src=\"https:\/\/www.magicyann.com\/abracadashow\/wp-content\/uploads\/2018\/10\/bouton-tarif-big.png\" alt=\"Devis Instantan\u00e9 et Gratuit\" width=\"610\" height=\"130\" srcset=\"https:\/\/www.magicyann.com\/abracadashow\/wp-content\/uploads\/2018\/10\/bouton-tarif-big.png 610w, https:\/\/www.magicyann.com\/abracadashow\/wp-content\/uploads\/2018\/10\/bouton-tarif-big-300x64.png 300w\" sizes=\"auto, (max-width: 610px) 100vw, 610px\" \/><\/a><\/p>\n<p>&nbsp;<\/p>\n<p>&nbsp;<\/p>\n<p>&nbsp;<\/p>\n<p><img loading=\"lazy\" decoding=\"async\" class=\"aligncenter wp-image-575 size-full\" src=\"https:\/\/www.magicyann.com\/abracadashow\/wp-content\/uploads\/2015\/09\/Magie-tous-Publics.png\" alt=\"Magie tous Publics\" width=\"300\" height=\"233\"><img loading=\"lazy\" decoding=\"async\" class=\"aligncenter size-full wp-image-577\" src=\"https:\/\/www.magicyann.com\/abracadashow\/wp-content\/uploads\/2015\/09\/temoignage-2003-12-16.gif\" alt=\"temoignage-2003-12-16\" width=\"700\" height=\"505\"><\/p>\n<p>&nbsp;<\/p>\n<p>&nbsp;<\/p>\n<p>&nbsp;<\/p>\n<p><img loading=\"lazy\" decoding=\"async\" class=\"aligncenter wp-image-579 size-full\" src=\"https:\/\/www.magicyann.com\/abracadashow\/wp-content\/uploads\/2015\/09\/Magicien-pour-Enfants.png\" alt=\"Chrystian Yann animations enfants\" width=\"300\" height=\"210\"><img loading=\"lazy\" decoding=\"async\" class=\"aligncenter size-full wp-image-580\" src=\"https:\/\/www.magicyann.com\/abracadashow\/wp-content\/uploads\/2015\/09\/temoignage-app_asspar.gif\" alt=\"temoignage-app_asspar\" width=\"564\" height=\"223\"><\/p>\n<p>&nbsp;<\/p>\n<p>&nbsp;<\/p>\n<p><img loading=\"lazy\" decoding=\"async\" class=\"aligncenter wp-image-581 size-full\" src=\"https:\/\/www.magicyann.com\/abracadashow\/wp-content\/uploads\/2015\/09\/Chrystian-Yann-animations-enfants.jpg\" alt=\"Chrystian Yann Animations Enfants\" width=\"300\" height=\"546\" srcset=\"https:\/\/www.magicyann.com\/abracadashow\/wp-content\/uploads\/2015\/09\/Chrystian-Yann-animations-enfants.jpg 300w, https:\/\/www.magicyann.com\/abracadashow\/wp-content\/uploads\/2015\/09\/Chrystian-Yann-animations-enfants-165x300.jpg 165w\" sizes=\"auto, (max-width: 300px) 100vw, 300px\" \/><img loading=\"lazy\" decoding=\"async\" class=\"aligncenter size-full wp-image-582\" src=\"https:\/\/www.magicyann.com\/abracadashow\/wp-content\/uploads\/2015\/09\/temoignage-app_sp_cl.gif\" alt=\"temoignage-app_sp_cl\" width=\"700\" height=\"447\"><\/p>\n<p>&nbsp;<\/p>\n<p>&nbsp;<\/p>\n<p><img loading=\"lazy\" decoding=\"async\" class=\"aligncenter size-full wp-image-583\" src=\"https:\/\/www.magicyann.com\/abracadashow\/wp-content\/uploads\/2015\/09\/Magie-Enfantine.png\" alt=\"Magie Enfantine\" width=\"300\" height=\"224\"><img loading=\"lazy\" decoding=\"async\" class=\"aligncenter size-full wp-image-584\" src=\"https:\/\/www.magicyann.com\/abracadashow\/wp-content\/uploads\/2015\/09\/temoignage-2003-12-17.png\" alt=\"temoignage-2003-12-17\" width=\"700\" height=\"246\" srcset=\"https:\/\/www.magicyann.com\/abracadashow\/wp-content\/uploads\/2015\/09\/temoignage-2003-12-17.png 700w, https:\/\/www.magicyann.com\/abracadashow\/wp-content\/uploads\/2015\/09\/temoignage-2003-12-17-300x105.png 300w\" sizes=\"auto, (max-width: 700px) 100vw, 700px\" \/><\/p>\n<p>&nbsp;<\/p>\n<p>&nbsp;<\/p>\n<p><a href=\"https:\/\/www.magicyann.com\/abracadashow\/devis\/?T=LV3\" rel=\"\u201dnofollow\u201d\"><img loading=\"lazy\" decoding=\"async\" class=\"aligncenter wp-image-863 size-full\" src=\"https:\/\/www.magicyann.com\/abracadashow\/wp-content\/uploads\/2018\/10\/bouton-tarif-big.png\" alt=\"Devis Instantan\u00e9 et Gratuit\" width=\"610\" height=\"130\" srcset=\"https:\/\/www.magicyann.com\/abracadashow\/wp-content\/uploads\/2018\/10\/bouton-tarif-big.png 610w, https:\/\/www.magicyann.com\/abracadashow\/wp-content\/uploads\/2018\/10\/bouton-tarif-big-300x64.png 300w\" sizes=\"auto, (max-width: 610px) 100vw, 610px\" \/><\/a><\/p>\n<p>&nbsp;<\/p>\n<h2>&nbsp;<\/h2>\n<h2 style=\"text-align: center;\">\u00ab\u00a0Abracadashow : Un Spectacle <span style=\"color: #cc0000;\">clef en main<\/span>\u00ab\u00a0<\/h2>\n<p>&nbsp;<\/p>\n<p>Le spectacle est fourni avec :<\/p>\n<ul>\n<li><span style=\"color: #cc0000;\"><strong>Fond de Sc\u00e8ne<\/strong><\/span> : structure modulable, adaptable \u00e0 n&rsquo;importe quelle salle<\/li>\n<li><span style=\"color: #cc0000;\"><strong>\u00c9clairages<\/strong><\/span> : 4 projecteurs th\u00e9\u00e2tre de 500W chacun<\/li>\n<li><span style=\"color: #cc0000;\"><strong>Sonorisation<\/strong><\/span> : 2 sonorisations possibles selon le nombre de spectateurs<\/li>\n<\/ul>\n<p>&nbsp;<\/p>\n<p style=\"padding-left: 120px;\">\u00c0 bient\u00f4t<\/p>\n<p><img loading=\"lazy\" decoding=\"async\" class=\"alignleft wp-image-591 size-full\" src=\"https:\/\/www.magicyann.com\/abracadashow\/wp-content\/uploads\/2015\/09\/signature_cy.jpg\" alt=\"signature_cy\" width=\"271\" height=\"91\"><\/p>\n<p>&nbsp;<\/p>\n<p>&nbsp;<\/p>\n<p style=\"padding-left: 90px;\">Chrystian Yann &#8211;&nbsp;Magicien&nbsp;Sp\u00e9cialis\u00e9 dans les animations pour les enfants<\/p>\n","protected":false},"excerpt":{"rendered":"<p>\u00a0\u00bb Enfin un Spectacle de&nbsp;Magie pour Enfants qui&nbsp;Amuse aussi les Parents \u00ab\u00a0 &nbsp; Bonjour, Vous fa\u00eetes partie d&rsquo;une \u00e9cole, d&rsquo;un<\/p>\n","protected":false},"author":1,"featured_media":0,"parent":0,"menu_order":0,"comment_status":"closed","ping_status":"open","template":"template-full-width-without-title.php","meta":{"footnotes":""},"class_list":["post-404","page","type-page","status-publish","hentry","comments-off"],"yoast_head":"<!-- This site is optimized with the Yoast SEO plugin v27.3 - https:\/\/yoast.com\/product\/yoast-seo-wordpress\/ -->\n<title>Spectacle de Magie pour Enfants | Magicien Chrystian Yann<\/title>\n<meta name=\"description\" content=\"&quot;Le Magicien Chrystian Yann pr\u00e9sente Abracadashow : un spectacle de magie pour enfants qui amuse aussi les parents.\" \/>\n<meta name=\"robots\" content=\"index, follow, max-snippet:-1, max-image-preview:large, max-video-preview:-1\" \/>\n<link rel=\"canonical\" href=\"https:\/\/www.magicyann.com\/abracadashow\/spectacle-de-magie-pour-enfants\/\" \/>\n<meta property=\"og:locale\" content=\"fr_FR\" \/>\n<meta property=\"og:type\" content=\"article\" \/>\n<meta property=\"og:title\" content=\"Spectacle de Magie pour Enfants | Magicien Chrystian Yann\" \/>\n<meta property=\"og:description\" content=\"&quot;Le Magicien Chrystian Yann pr\u00e9sente Abracadashow : un spectacle de magie pour enfants qui amuse aussi les parents.\" \/>\n<meta property=\"og:url\" content=\"https:\/\/www.magicyann.com\/abracadashow\/spectacle-de-magie-pour-enfants\/\" \/>\n<meta property=\"og:site_name\" content=\"Chrystian Yann Magicien N\u00eemes\" \/>\n<meta property=\"article:modified_time\" content=\"2022-03-14T18:38:05+00:00\" \/>\n<meta property=\"og:image\" content=\"https:\/\/www.magicyann.com\/abracadashow\/wp-content\/uploads\/2015\/09\/Chrystian-Yann-Magicien.jpg\" \/>\n<meta name=\"twitter:label1\" content=\"Dur\u00e9e de lecture estim\u00e9e\" \/>\n\t<meta name=\"twitter:data1\" content=\"6 minutes\" \/>\n<script type=\"application\/ld+json\" class=\"yoast-schema-graph\">{\"@context\":\"https:\\\/\\\/schema.org\",\"@graph\":[{\"@type\":\"WebPage\",\"@id\":\"https:\\\/\\\/www.magicyann.com\\\/abracadashow\\\/spectacle-de-magie-pour-enfants\\\/\",\"url\":\"https:\\\/\\\/www.magicyann.com\\\/abracadashow\\\/spectacle-de-magie-pour-enfants\\\/\",\"name\":\"Spectacle de Magie pour Enfants | Magicien Chrystian Yann\",\"isPartOf\":{\"@id\":\"https:\\\/\\\/www.magicyann.com\\\/abracadashow\\\/#website\"},\"primaryImageOfPage\":{\"@id\":\"https:\\\/\\\/www.magicyann.com\\\/abracadashow\\\/spectacle-de-magie-pour-enfants\\\/#primaryimage\"},\"image\":{\"@id\":\"https:\\\/\\\/www.magicyann.com\\\/abracadashow\\\/spectacle-de-magie-pour-enfants\\\/#primaryimage\"},\"thumbnailUrl\":\"https:\\\/\\\/www.magicyann.com\\\/abracadashow\\\/wp-content\\\/uploads\\\/2015\\\/09\\\/Chrystian-Yann-Magicien.jpg\",\"datePublished\":\"2015-09-03T14:38:55+00:00\",\"dateModified\":\"2022-03-14T18:38:05+00:00\",\"description\":\"\\\"Le Magicien Chrystian Yann pr\u00e9sente Abracadashow : un spectacle de magie pour enfants qui amuse aussi les parents.\",\"breadcrumb\":{\"@id\":\"https:\\\/\\\/www.magicyann.com\\\/abracadashow\\\/spectacle-de-magie-pour-enfants\\\/#breadcrumb\"},\"inLanguage\":\"fr-FR\",\"potentialAction\":[{\"@type\":\"ReadAction\",\"target\":[\"https:\\\/\\\/www.magicyann.com\\\/abracadashow\\\/spectacle-de-magie-pour-enfants\\\/\"]}]},{\"@type\":\"ImageObject\",\"inLanguage\":\"fr-FR\",\"@id\":\"https:\\\/\\\/www.magicyann.com\\\/abracadashow\\\/spectacle-de-magie-pour-enfants\\\/#primaryimage\",\"url\":\"https:\\\/\\\/www.magicyann.com\\\/abracadashow\\\/wp-content\\\/uploads\\\/2015\\\/09\\\/Chrystian-Yann-Magicien.jpg\",\"contentUrl\":\"https:\\\/\\\/www.magicyann.com\\\/abracadashow\\\/wp-content\\\/uploads\\\/2015\\\/09\\\/Chrystian-Yann-Magicien.jpg\",\"width\":300,\"height\":333,\"caption\":\"http:\\\/\\\/www.magicyann.com\\\/images\\\/Chrystian-Yann-Magicien.jpg\"},{\"@type\":\"BreadcrumbList\",\"@id\":\"https:\\\/\\\/www.magicyann.com\\\/abracadashow\\\/spectacle-de-magie-pour-enfants\\\/#breadcrumb\",\"itemListElement\":[{\"@type\":\"ListItem\",\"position\":1,\"name\":\"Accueil\",\"item\":\"https:\\\/\\\/www.magicyann.com\\\/abracadashow\\\/\"},{\"@type\":\"ListItem\",\"position\":2,\"name\":\"Spectacle de Magie pour Enfants\"}]},{\"@type\":\"WebSite\",\"@id\":\"https:\\\/\\\/www.magicyann.com\\\/abracadashow\\\/#website\",\"url\":\"https:\\\/\\\/www.magicyann.com\\\/abracadashow\\\/\",\"name\":\"Chrystian Yann Magicien N\u00eemes\",\"description\":\"Enfin un Spectacle de Magie pour Enfants qui Bluffe aussi les Parents\",\"potentialAction\":[{\"@type\":\"SearchAction\",\"target\":{\"@type\":\"EntryPoint\",\"urlTemplate\":\"https:\\\/\\\/www.magicyann.com\\\/abracadashow\\\/?s={search_term_string}\"},\"query-input\":{\"@type\":\"PropertyValueSpecification\",\"valueRequired\":true,\"valueName\":\"search_term_string\"}}],\"inLanguage\":\"fr-FR\"}]}<\/script>\n<!-- \/ Yoast SEO plugin. -->","yoast_head_json":{"title":"Spectacle de Magie pour Enfants | Magicien Chrystian Yann","description":"\"Le Magicien Chrystian Yann pr\u00e9sente Abracadashow : un spectacle de magie pour enfants qui amuse aussi les parents.","robots":{"index":"index","follow":"follow","max-snippet":"max-snippet:-1","max-image-preview":"max-image-preview:large","max-video-preview":"max-video-preview:-1"},"canonical":"https:\/\/www.magicyann.com\/abracadashow\/spectacle-de-magie-pour-enfants\/","og_locale":"fr_FR","og_type":"article","og_title":"Spectacle de Magie pour Enfants | Magicien Chrystian Yann","og_description":"\"Le Magicien Chrystian Yann pr\u00e9sente Abracadashow : un spectacle de magie pour enfants qui amuse aussi les parents.","og_url":"https:\/\/www.magicyann.com\/abracadashow\/spectacle-de-magie-pour-enfants\/","og_site_name":"Chrystian Yann Magicien N\u00eemes","article_modified_time":"2022-03-14T18:38:05+00:00","og_image":[{"url":"https:\/\/www.magicyann.com\/abracadashow\/wp-content\/uploads\/2015\/09\/Chrystian-Yann-Magicien.jpg","type":"","width":"","height":""}],"twitter_misc":{"Dur\u00e9e de lecture estim\u00e9e":"6 minutes"},"schema":{"@context":"https:\/\/schema.org","@graph":[{"@type":"WebPage","@id":"https:\/\/www.magicyann.com\/abracadashow\/spectacle-de-magie-pour-enfants\/","url":"https:\/\/www.magicyann.com\/abracadashow\/spectacle-de-magie-pour-enfants\/","name":"Spectacle de Magie pour Enfants | Magicien Chrystian Yann","isPartOf":{"@id":"https:\/\/www.magicyann.com\/abracadashow\/#website"},"primaryImageOfPage":{"@id":"https:\/\/www.magicyann.com\/abracadashow\/spectacle-de-magie-pour-enfants\/#primaryimage"},"image":{"@id":"https:\/\/www.magicyann.com\/abracadashow\/spectacle-de-magie-pour-enfants\/#primaryimage"},"thumbnailUrl":"https:\/\/www.magicyann.com\/abracadashow\/wp-content\/uploads\/2015\/09\/Chrystian-Yann-Magicien.jpg","datePublished":"2015-09-03T14:38:55+00:00","dateModified":"2022-03-14T18:38:05+00:00","description":"\"Le Magicien Chrystian Yann pr\u00e9sente Abracadashow : un spectacle de magie pour enfants qui amuse aussi les parents.","breadcrumb":{"@id":"https:\/\/www.magicyann.com\/abracadashow\/spectacle-de-magie-pour-enfants\/#breadcrumb"},"inLanguage":"fr-FR","potentialAction":[{"@type":"ReadAction","target":["https:\/\/www.magicyann.com\/abracadashow\/spectacle-de-magie-pour-enfants\/"]}]},{"@type":"ImageObject","inLanguage":"fr-FR","@id":"https:\/\/www.magicyann.com\/abracadashow\/spectacle-de-magie-pour-enfants\/#primaryimage","url":"https:\/\/www.magicyann.com\/abracadashow\/wp-content\/uploads\/2015\/09\/Chrystian-Yann-Magicien.jpg","contentUrl":"https:\/\/www.magicyann.com\/abracadashow\/wp-content\/uploads\/2015\/09\/Chrystian-Yann-Magicien.jpg","width":300,"height":333,"caption":"http:\/\/www.magicyann.com\/images\/Chrystian-Yann-Magicien.jpg"},{"@type":"BreadcrumbList","@id":"https:\/\/www.magicyann.com\/abracadashow\/spectacle-de-magie-pour-enfants\/#breadcrumb","itemListElement":[{"@type":"ListItem","position":1,"name":"Accueil","item":"https:\/\/www.magicyann.com\/abracadashow\/"},{"@type":"ListItem","position":2,"name":"Spectacle de Magie pour Enfants"}]},{"@type":"WebSite","@id":"https:\/\/www.magicyann.com\/abracadashow\/#website","url":"https:\/\/www.magicyann.com\/abracadashow\/","name":"Chrystian Yann Magicien N\u00eemes","description":"Enfin un Spectacle de Magie pour Enfants qui Bluffe aussi les Parents","potentialAction":[{"@type":"SearchAction","target":{"@type":"EntryPoint","urlTemplate":"https:\/\/www.magicyann.com\/abracadashow\/?s={search_term_string}"},"query-input":{"@type":"PropertyValueSpecification","valueRequired":true,"valueName":"search_term_string"}}],"inLanguage":"fr-FR"}]}},"_links":{"self":[{"href":"https:\/\/www.magicyann.com\/abracadashow\/wp-json\/wp\/v2\/pages\/404","targetHints":{"allow":["GET"]}}],"collection":[{"href":"https:\/\/www.magicyann.com\/abracadashow\/wp-json\/wp\/v2\/pages"}],"about":[{"href":"https:\/\/www.magicyann.com\/abracadashow\/wp-json\/wp\/v2\/types\/page"}],"author":[{"embeddable":true,"href":"https:\/\/www.magicyann.com\/abracadashow\/wp-json\/wp\/v2\/users\/1"}],"replies":[{"embeddable":true,"href":"https:\/\/www.magicyann.com\/abracadashow\/wp-json\/wp\/v2\/comments?post=404"}],"version-history":[{"count":58,"href":"https:\/\/www.magicyann.com\/abracadashow\/wp-json\/wp\/v2\/pages\/404\/revisions"}],"predecessor-version":[{"id":1068,"href":"https:\/\/www.magicyann.com\/abracadashow\/wp-json\/wp\/v2\/pages\/404\/revisions\/1068"}],"wp:attachment":[{"href":"https:\/\/www.magicyann.com\/abracadashow\/wp-json\/wp\/v2\/media?parent=404"}],"curies":[{"name":"wp","href":"https:\/\/api.w.org\/{rel}","templated":true}]}}